{"id":1137,"date":"2016-08-01T14:51:48","date_gmt":"2016-08-01T14:51:48","guid":{"rendered":"https:\/\/www.exante.fr\/Comptable\/?page_id=13"},"modified":"2021-09-08T13:51:13","modified_gmt":"2021-09-08T13:51:13","slug":"contact-2","status":"publish","type":"page","link":"https:\/\/www.exante.fr\/Comptable\/contact-2\/","title":{"rendered":"Contact"},"content":{"rendered":"<div id=\"form\"><div class=\"fusion-fullwidth fullwidth-box fusion-builder-row-1 fusion-flex-container nonhundred-percent-fullwidth non-hundred-percent-height-scrolling\" style=\"background-color: rgba(255,255,255,0);background-position: center center;background-repeat: no-repeat;border-width: 0px 0px 0px 0px;border-color:#eae9e9;border-style:solid;\" id=\"apply-now\" ><div class=\"fusion-builder-row fusion-row fusion-flex-align-items-flex-start fusion-flex-justify-content-center\" style=\"max-width:1216.8px;margin-left: calc(-4% \/ 2 );margin-right: calc(-4% \/ 2 );\"><div class=\"fusion-layout-column fusion_builder_column fusion-builder-column-0 fusion_builder_column_2_3 2_3 fusion-flex-column\"><div class=\"fusion-column-wrapper fusion-flex-justify-content-flex-start fusion-content-layout-column\" style=\"background-position:left top;background-repeat:no-repeat;-webkit-background-size:cover;-moz-background-size:cover;-o-background-size:cover;background-size:cover;padding: 0px 0px 0px 0px;\"><style type=\"text\/css\">@media only screen and (max-width:1000px) {.fusion-title.fusion-title-1{margin-top:0px!important; margin-right:0px!important;margin-bottom:30px!important;margin-left:0px!important;}}@media only screen and (max-width:640px) {.fusion-title.fusion-title-1{margin-top:0px!important; margin-right:0px!important;margin-bottom:20px!important; margin-left:0px!important;}}<\/style><div class=\"fusion-title title fusion-title-1 fusion-sep-none fusion-title-center fusion-title-text fusion-title-size-four\" style=\"font-size:16px;margin-top:0px;margin-right:0px;margin-bottom:30px;margin-left:0px;\"><h4 class=\"title-heading-center fusion-responsive-typography-calculated\" style=\"font-family:&quot;MUSEOSLAB2 &quot;;font-weight:400;margin:0;font-size:1em;color:#595959;--fontSize:16;--minFontSize:16px;line-height:1.5;\"><p style=\"text-align: left;\">FORMULAIRE DE CONTACT<br \/>\nEnvoyer un E-mail. Tout les champs marqu\u00e9s d&rsquo;un ast\u00e9risque* sont obligatoires.<\/p><\/h4><\/div><div class=\"fusion-separator\" style=\"align-self: center;margin-left: auto;margin-right: auto;margin-top:0px;margin-bottom:60px;width:100%;max-width:100px;\"><div class=\"fusion-separator-border sep-single sep-solid\" style=\"border-color:#5b5b5b;border-top-width:2px;\"><\/div><\/div><style>.fusion-form-1021 .fusion-form-tooltip .fusion-form-tooltip-content{color:#444444 !important;background-color:#333333 !important;border-color:#333333 !important;}.fusion-form-1021 input:not([type=\"submit\"]),.fusion-form-1021 select,.fusion-form-1021 textarea{background-color:rgba(206,206,206,0.43);color:rgba(17,17,17,0.7);}.fusion-form-1021 input::placeholder{color:rgba(17,17,17,0.5);}.fusion-form-1021 textarea::placeholder{color:rgba(17,17,17,0.5);}.fusion-form-1021 select:invalid{color:rgba(17,17,17,0.5);}.fusion-form-1021 option{color:rgba(17,17,17,0.7);}.fusion-form-1021 .fusion-form-input-with-icon > i{color:rgba(17,17,17,0.7) !important;}.fusion-form-1021 input.fusion-form-upload-field::placeholder{color:rgba(17,17,17,0.7);}.fusion-form-1021 .fusion-select-wrapper .select-arrow path{stroke:rgba(17,17,17,0.7) !important;}<\/style><div class=\"fusion-form fusion-form-builder fusion-form-form-wrapper fusion-form-1021\" data-form-id=\"1021\" data-config=\"{&quot;form_id&quot;:&quot;1021&quot;,&quot;form_post_id&quot;:&quot;1021&quot;,&quot;post_id&quot;:1137,&quot;form_type&quot;:&quot;email&quot;,&quot;confirmation_type&quot;:&quot;message&quot;,&quot;redirect_url&quot;:&quot;&quot;,&quot;field_labels&quot;:{&quot;name&quot;:&quot;&quot;,&quot;email_address&quot;:&quot;&quot;,&quot;how&quot;:&quot;&quot;,&quot;message&quot;:&quot;&quot;},&quot;field_logics&quot;:{&quot;name&quot;:&quot;&quot;,&quot;email_address&quot;:&quot;&quot;,&quot;how&quot;:&quot;&quot;,&quot;message&quot;:&quot;&quot;}}\"><form action=\"https:\/\/www.exante.fr\/Comptable\/contact-2\/\" method=\"post\" class=\"fusion-form fusion-form-1021\"><div class=\"fusion-fullwidth fullwidth-box fusion-builder-row-1-1 fusion-flex-container nonhundred-percent-fullwidth non-hundred-percent-height-scrolling\" style=\"background-color: rgba(255,255,255,0);background-position: center center;background-repeat: no-repeat;border-width: 0px 0px 0px 0px;border-color:#eae9e9;border-style:solid;\" ><div class=\"fusion-builder-row fusion-row fusion-flex-align-items-flex-start\" style=\"width:103% !important;max-width:103% !important;margin-left: calc(-3% \/ 2 );margin-right: calc(-3% \/ 2 );\"><div class=\"fusion-layout-column fusion_builder_column fusion-builder-column-1 fusion_builder_column_1_1 1_1 fusion-flex-column\"><div class=\"fusion-column-wrapper fusion-flex-justify-content-flex-start fusion-content-layout-column\" style=\"background-position:left top;background-repeat:no-repeat;-webkit-background-size:cover;-moz-background-size:cover;-o-background-size:cover;background-size:cover;padding: 0px 0px 0px 0px;\"><div class=\"fusion-form-field fusion-form-text-field fusion-form-label-above\" data-form-id=\"1021\"><input type=\"text\" name=\"name\" id=\"name\" value=\"\"  class=\"fusion-form-input\" required=\"true\" aria-required=\"true\" placeholder=\"Nom*\" data-holds-private-data=\"false\" minlength=\"0\"\/><\/div><div class=\"fusion-form-field fusion-form-email-field fusion-form-label-above\" data-form-id=\"1021\"><input type=\"email\" name=\"email_address\" id=\"email_address\" value=\"\"  class=\"fusion-form-input\" required=\"true\" aria-required=\"true\" placeholder=\"E-mail*\" data-holds-private-data=\"false\"\/><\/div><div class=\"fusion-form-field fusion-form-text-field fusion-form-label-above\" data-form-id=\"1021\"><input type=\"text\" name=\"how\" id=\"how\" value=\"\"  class=\"fusion-form-input\" placeholder=\"Sujet\" data-holds-private-data=\"false\" minlength=\"0\"\/><\/div><div class=\"fusion-form-field fusion-form-textarea-field fusion-form-label-above\" data-form-id=\"1021\"><textarea cols=\"40\" rows=\"4\" tabindex=\"\" id=\"message\" name=\"message\" class=\"fusion-form-input\" required=\"true\" aria-required=\"true\" placeholder=\"Message*\" data-holds-private-data=\"false\"><\/textarea><\/div><div class=\"form-submission-notices\" id=\"fusion-notices-1\"><div class=\"fusion-alert alert success alert-success fusion-alert-center fusion-form-response fusion-form-response-success fusion-alert-capitalize alert-dismissable\" style=\"background-color:#5bdccd;color:rgba(27,128,117,1);border-color:rgba(27,128,117,1);border-width:0px;\"><button type=\"button\" class=\"close toggle-alert\" data-dismiss=\"alert\" aria-label=\"Close\">&times;<\/button><div class=\"fusion-alert-content-wrapper\"><span class=\"alert-icon\"><i class=\"fa-lg fa fa-check-circle\" aria-hidden=\"true\"><\/i><\/span><span class=\"fusion-alert-content\">Merci pour votre message. Il a bien \u00e9t\u00e9 envoy\u00e9<\/span><\/div><\/div><div class=\"fusion-alert alert error alert-danger fusion-alert-center fusion-form-response fusion-form-response-error fusion-alert-capitalize alert-dismissable\" style=\"background-color:#e05c7f;color:rgba(133,25,54,1);border-color:rgba(133,25,54,1);border-width:0px;\"><button type=\"button\" class=\"close toggle-alert\" data-dismiss=\"alert\" aria-label=\"Close\">&times;<\/button><div class=\"fusion-alert-content-wrapper\"><span class=\"alert-icon\"><i class=\"fa-lg fa fa-exclamation-triangle\" aria-hidden=\"true\"><\/i><\/span><span class=\"fusion-alert-content\">Il y a eu une erreur lors de l'envoi du message. \nMerci d'essayer \u00e0 nouveau un peu plus tard<\/span><\/div><\/div><\/div><div class=\"fusion-form-field fusion-form-submit-field fusion-form-label-above\" data-form-id=\"1021\"><input type=\"hidden\" value=\"exante@exante.fr\" name=\"fusion_form_email\" \/><input type=\"hidden\" value=\"exante@exante.fr\" name=\"fusion_form_email_from\" \/><input type=\"hidden\" value=\"exante@exante.fr\" name=\"fusion_form_email_from_id\" \/><input type=\"hidden\" value=\"Formulaire du site EXANTE form submissions received!\" name=\"fusion_form_email_subject\" \/><input type=\"hidden\" value=\"0\" name=\"fusion_form_email_subject_encode\" \/><div ><style type=\"text\/css\">.fusion-button.button-1 .fusion-button-text, .fusion-button.button-1 i {color:rgba(255,255,255,0.83);}.fusion-button.button-1 .fusion-button-icon-divider{border-color:rgba(255,255,255,0.83);}.fusion-button.button-1:hover .fusion-button-text, .fusion-button.button-1:hover i,.fusion-button.button-1:focus .fusion-button-text, .fusion-button.button-1:focus i,.fusion-button.button-1:active .fusion-button-text, .fusion-button.button-1:active{color:#ffffff;}.fusion-button.button-1:hover .fusion-button-icon-divider, .fusion-button.button-1:hover .fusion-button-icon-divider, .fusion-button.button-1:active .fusion-button-icon-divider{border-color:#ffffff;}.fusion-button.button-1:hover, .fusion-button.button-1:focus, .fusion-button.button-1:active{border-color:#ffffff;border-width:0px;}.fusion-button.button-1 {border-color:rgba(255,255,255,0.83);border-width:0px;border-radius:3px;}.fusion-button.button-1{background: rgba(120,131,140,0.83);}.fusion-button.button-1:hover,.button-1:focus,.fusion-button.button-1:active{background: rgba(120,131,140,0.83);}<\/style><button type=\"submit\" class=\"fusion-button button-flat button-large button-custom button-1 fusion-button-default-span  form-form-submit button-default\" data-form-number=\"1021\" tabindex=\"\"><span class=\"fusion-button-text\">Envoyer<\/span><\/button><\/div><\/div><\/div><style type=\"text\/css\">.fusion-body .fusion-builder-column-1{width:100% !important;margin-top : 0px;margin-bottom : 0px;}.fusion-builder-column-1 > .fusion-column-wrapper {padding-top : 0px !important;padding-right : 0px !important;margin-right : 1.455%;padding-bottom : 0px !important;padding-left : 0px !important;margin-left : 1.455%;}@media only screen and (max-width:1000px) {.fusion-body .fusion-builder-column-1{width:100% !important;order : 0;}.fusion-builder-column-1 > .fusion-column-wrapper {margin-right : 1.455%;margin-left : 1.455%;}}@media only screen and (max-width:640px) {.fusion-body .fusion-builder-column-1{width:100% !important;order : 0;}.fusion-builder-column-1 > .fusion-column-wrapper {margin-right : 1.455%;margin-left : 1.455%;}}<\/style><\/div><\/div><style type=\"text\/css\">.fusion-body .fusion-flex-container.fusion-builder-row-1-1{ padding-top : 0px;margin-top : 0;padding-right : 0px;padding-bottom : 0px;margin-bottom : 0;padding-left : 0px;}<\/style><\/div><input type=\"hidden\" name=\"fusion_privacy_store_ip_ua\" value=\"false\"><input type=\"hidden\" name=\"fusion_privacy_expiration_interval\" value=\"48\"><input type=\"hidden\" name=\"privacy_expiration_action\" value=\"anonymize\"><\/form><\/div><\/div><style type=\"text\/css\">.fusion-body .fusion-builder-column-0{width:66.666666666667% !important;margin-top : 0%;margin-bottom : 3%;}.fusion-builder-column-0 > .fusion-column-wrapper {padding-top : 0px !important;padding-right : 0px !important;margin-right : 2.88%;padding-bottom : 0px !important;padding-left : 0px !important;margin-left : 2.88%;}@media only screen and (max-width:1000px) {.fusion-body .fusion-builder-column-0{width:75% !important;order : 0;}.fusion-builder-column-0 > .fusion-column-wrapper {margin-right : 2.56%;margin-left : 2.56%;}}@media only screen and (max-width:640px) {.fusion-body .fusion-builder-column-0{width:100% !important;order : 0;}.fusion-builder-column-0 > .fusion-column-wrapper {margin-right : 1.92%;margin-left : 1.92%;}}<\/style><\/div><div class=\"fusion-layout-column fusion_builder_column fusion-builder-column-2 fusion_builder_column_1_3 1_3 fusion-flex-column\"><div class=\"fusion-column-wrapper fusion-flex-justify-content-flex-start fusion-content-layout-column\" style=\"background-position:left top;background-repeat:no-repeat;-webkit-background-size:cover;-moz-background-size:cover;-o-background-size:cover;background-size:cover;padding: 0px 0px 0px 0px;\"><div class=\"fusion-text fusion-text-1\"><h5><strong>EXANTE<\/strong><\/h5>\n<p>30 avenue G\u00e9n\u00e9ral Leclerc<br \/>\nEspace Saint Germain<br \/>\nImmeuble NEW ORLEANS<br \/>\n<strong>38200 Vienne<\/strong><\/p>\n<p>T\u00e9l. 04 74 48 36 20<br \/>\nEmail: <a href=\"mailto:exante@exante.fr\">exante@exante.fr<\/a><\/p>\n<\/div><div class=\"fusion-text fusion-text-2\"><p>213 rue de Gerland<br \/>\nLes Jardins d\u2019entreprise<br \/>\nB\u00e2timent B4<br \/>\n<strong>69007 LYON<\/strong><\/p>\n<p>T\u00e9l. 04 72 70 65 05<br \/>\nEmail: <a href=\"mailto:exante@exante.fr\">exante@exante.fr<\/a><\/p>\n<\/div><\/div><style type=\"text\/css\">.fusion-body .fusion-builder-column-2{width:33.333333333333% !important;margin-top : 0px;margin-bottom : 20px;}.fusion-builder-column-2 > .fusion-column-wrapper {padding-top : 0px !important;padding-right : 0px !important;margin-right : 5.76%;padding-bottom : 0px !important;padding-left : 0px !important;margin-left : 3.84%;}@media only screen and (max-width:1000px) {.fusion-body .fusion-builder-column-2{width:100% !important;order : 0;}.fusion-builder-column-2 > .fusion-column-wrapper {margin-right : 1.92%;margin-left : 1.92%;}}@media only screen and (max-width:640px) {.fusion-body .fusion-builder-column-2{width:100% !important;order : 0;}.fusion-builder-column-2 > .fusion-column-wrapper {margin-right : 1.92%;margin-left : 1.92%;}}<\/style><\/div><\/div><style type=\"text\/css\">.fusion-body .fusion-flex-container.fusion-builder-row-1{ padding-top : 100px;margin-top : 0px;padding-right : 0px;padding-bottom : 90px;margin-bottom : 0px;padding-left : 0px;}<\/style><\/div><\/div>\n","protected":false},"excerpt":{"rendered":"","protected":false},"author":1,"featured_media":0,"parent":0,"menu_order":0,"comment_status":"closed","ping_status":"closed","template":"100-width.php","meta":{"footnotes":""},"class_list":["post-1137","page","type-page","status-publish","hentry"],"yoast_head":"<!-- This site is optimized with the Yoast SEO plugin v25.2 - https:\/\/yoast.com\/wordpress\/plugins\/seo\/ -->\n<title>Contact - EXANTE - Les Experts de l&#039;entreprise<\/title>\n<meta name=\"robots\" content=\"index, follow, max-snippet:-1, max-image-preview:large, max-video-preview:-1\" \/>\n<link rel=\"canonical\" href=\"https:\/\/www.exante.fr\/Comptable\/contact-2\/\" \/>\n<meta property=\"og:locale\" content=\"fr_FR\" \/>\n<meta property=\"og:type\" content=\"article\" \/>\n<meta property=\"og:title\" content=\"Contact - EXANTE - Les Experts de l&#039;entreprise\" \/>\n<meta property=\"og:url\" content=\"https:\/\/www.exante.fr\/Comptable\/contact-2\/\" \/>\n<meta property=\"og:site_name\" content=\"EXANTE - Les Experts de l&#039;entreprise\" \/>\n<meta property=\"article:modified_time\" content=\"2021-09-08T13:51:13+00:00\" \/>\n<meta name=\"twitter:card\" content=\"summary_large_image\" \/>\n<meta name=\"twitter:label1\" content=\"Dur\u00e9e de lecture estim\u00e9e\" \/>\n\t<meta name=\"twitter:data1\" content=\"6 minutes\" \/>\n<script type=\"application\/ld+json\" class=\"yoast-schema-graph\">{\"@context\":\"https:\/\/schema.org\",\"@graph\":[{\"@type\":\"WebPage\",\"@id\":\"https:\/\/www.exante.fr\/Comptable\/contact-2\/\",\"url\":\"https:\/\/www.exante.fr\/Comptable\/contact-2\/\",\"name\":\"Contact - EXANTE - Les Experts de l&#039;entreprise\",\"isPartOf\":{\"@id\":\"https:\/\/www.exante.fr\/Comptable\/#website\"},\"datePublished\":\"2016-08-01T14:51:48+00:00\",\"dateModified\":\"2021-09-08T13:51:13+00:00\",\"breadcrumb\":{\"@id\":\"https:\/\/www.exante.fr\/Comptable\/contact-2\/#breadcrumb\"},\"inLanguage\":\"fr-FR\",\"potentialAction\":[{\"@type\":\"ReadAction\",\"target\":[\"https:\/\/www.exante.fr\/Comptable\/contact-2\/\"]}]},{\"@type\":\"BreadcrumbList\",\"@id\":\"https:\/\/www.exante.fr\/Comptable\/contact-2\/#breadcrumb\",\"itemListElement\":[{\"@type\":\"ListItem\",\"position\":1,\"name\":\"Accueil\",\"item\":\"https:\/\/www.exante.fr\/Comptable\/\"},{\"@type\":\"ListItem\",\"position\":2,\"name\":\"Contact\"}]},{\"@type\":\"WebSite\",\"@id\":\"https:\/\/www.exante.fr\/Comptable\/#website\",\"url\":\"https:\/\/www.exante.fr\/Comptable\/\",\"name\":\"EXANTE - Les Experts de l&#039;entreprise\",\"description\":\"Cabinet d&#039;Expertise Comptable en R\u00e9gion Rh\u00f4ne-Alpes\",\"publisher\":{\"@id\":\"https:\/\/www.exante.fr\/Comptable\/#organization\"},\"potentialAction\":[{\"@type\":\"SearchAction\",\"target\":{\"@type\":\"EntryPoint\",\"urlTemplate\":\"https:\/\/www.exante.fr\/Comptable\/?s={search_term_string}\"},\"query-input\":{\"@type\":\"PropertyValueSpecification\",\"valueRequired\":true,\"valueName\":\"search_term_string\"}}],\"inLanguage\":\"fr-FR\"},{\"@type\":\"Organization\",\"@id\":\"https:\/\/www.exante.fr\/Comptable\/#organization\",\"name\":\"EXANTE - Les Experts de l&#039;entreprise\",\"url\":\"https:\/\/www.exante.fr\/Comptable\/\",\"logo\":{\"@type\":\"ImageObject\",\"inLanguage\":\"fr-FR\",\"@id\":\"https:\/\/www.exante.fr\/Comptable\/#\/schema\/logo\/image\/\",\"url\":\"https:\/\/www.exante.fr\/Comptable\/wp-content\/uploads\/2021\/09\/logo3.png\",\"contentUrl\":\"https:\/\/www.exante.fr\/Comptable\/wp-content\/uploads\/2021\/09\/logo3.png\",\"width\":137,\"height\":137,\"caption\":\"EXANTE - Les Experts de l&#039;entreprise\"},\"image\":{\"@id\":\"https:\/\/www.exante.fr\/Comptable\/#\/schema\/logo\/image\/\"}}]}<\/script>\n<!-- \/ Yoast SEO plugin. -->","yoast_head_json":{"title":"Contact - EXANTE - Les Experts de l&#039;entreprise","robots":{"index":"index","follow":"follow","max-snippet":"max-snippet:-1","max-image-preview":"max-image-preview:large","max-video-preview":"max-video-preview:-1"},"canonical":"https:\/\/www.exante.fr\/Comptable\/contact-2\/","og_locale":"fr_FR","og_type":"article","og_title":"Contact - EXANTE - Les Experts de l&#039;entreprise","og_url":"https:\/\/www.exante.fr\/Comptable\/contact-2\/","og_site_name":"EXANTE - Les Experts de l&#039;entreprise","article_modified_time":"2021-09-08T13:51:13+00:00","twitter_card":"summary_large_image","twitter_misc":{"Dur\u00e9e de lecture estim\u00e9e":"6 minutes"},"schema":{"@context":"https:\/\/schema.org","@graph":[{"@type":"WebPage","@id":"https:\/\/www.exante.fr\/Comptable\/contact-2\/","url":"https:\/\/www.exante.fr\/Comptable\/contact-2\/","name":"Contact - EXANTE - Les Experts de l&#039;entreprise","isPartOf":{"@id":"https:\/\/www.exante.fr\/Comptable\/#website"},"datePublished":"2016-08-01T14:51:48+00:00","dateModified":"2021-09-08T13:51:13+00:00","breadcrumb":{"@id":"https:\/\/www.exante.fr\/Comptable\/contact-2\/#breadcrumb"},"inLanguage":"fr-FR","potentialAction":[{"@type":"ReadAction","target":["https:\/\/www.exante.fr\/Comptable\/contact-2\/"]}]},{"@type":"BreadcrumbList","@id":"https:\/\/www.exante.fr\/Comptable\/contact-2\/#breadcrumb","itemListElement":[{"@type":"ListItem","position":1,"name":"Accueil","item":"https:\/\/www.exante.fr\/Comptable\/"},{"@type":"ListItem","position":2,"name":"Contact"}]},{"@type":"WebSite","@id":"https:\/\/www.exante.fr\/Comptable\/#website","url":"https:\/\/www.exante.fr\/Comptable\/","name":"EXANTE - Les Experts de l&#039;entreprise","description":"Cabinet d&#039;Expertise Comptable en R\u00e9gion Rh\u00f4ne-Alpes","publisher":{"@id":"https:\/\/www.exante.fr\/Comptable\/#organization"},"potentialAction":[{"@type":"SearchAction","target":{"@type":"EntryPoint","urlTemplate":"https:\/\/www.exante.fr\/Comptable\/?s={search_term_string}"},"query-input":{"@type":"PropertyValueSpecification","valueRequired":true,"valueName":"search_term_string"}}],"inLanguage":"fr-FR"},{"@type":"Organization","@id":"https:\/\/www.exante.fr\/Comptable\/#organization","name":"EXANTE - Les Experts de l&#039;entreprise","url":"https:\/\/www.exante.fr\/Comptable\/","logo":{"@type":"ImageObject","inLanguage":"fr-FR","@id":"https:\/\/www.exante.fr\/Comptable\/#\/schema\/logo\/image\/","url":"https:\/\/www.exante.fr\/Comptable\/wp-content\/uploads\/2021\/09\/logo3.png","contentUrl":"https:\/\/www.exante.fr\/Comptable\/wp-content\/uploads\/2021\/09\/logo3.png","width":137,"height":137,"caption":"EXANTE - Les Experts de l&#039;entreprise"},"image":{"@id":"https:\/\/www.exante.fr\/Comptable\/#\/schema\/logo\/image\/"}}]}},"_links":{"self":[{"href":"https:\/\/www.exante.fr\/Comptable\/wp-json\/wp\/v2\/pages\/1137","targetHints":{"allow":["GET"]}}],"collection":[{"href":"https:\/\/www.exante.fr\/Comptable\/wp-json\/wp\/v2\/pages"}],"about":[{"href":"https:\/\/www.exante.fr\/Comptable\/wp-json\/wp\/v2\/types\/page"}],"author":[{"embeddable":true,"href":"https:\/\/www.exante.fr\/Comptable\/wp-json\/wp\/v2\/users\/1"}],"replies":[{"embeddable":true,"href":"https:\/\/www.exante.fr\/Comptable\/wp-json\/wp\/v2\/comments?post=1137"}],"version-history":[{"count":21,"href":"https:\/\/www.exante.fr\/Comptable\/wp-json\/wp\/v2\/pages\/1137\/revisions"}],"predecessor-version":[{"id":1326,"href":"https:\/\/www.exante.fr\/Comptable\/wp-json\/wp\/v2\/pages\/1137\/revisions\/1326"}],"wp:attachment":[{"href":"https:\/\/www.exante.fr\/Comptable\/wp-json\/wp\/v2\/media?parent=1137"}],"curies":[{"name":"wp","href":"https:\/\/api.w.org\/{rel}","templated":true}]}}