{"id":1219,"date":"2021-09-08T09:35:35","date_gmt":"2021-09-08T09:35:35","guid":{"rendered":"https:\/\/www.exante.fr\/Comptable\/?page_id=1219"},"modified":"2021-09-08T13:17:44","modified_gmt":"2021-09-08T13:17:44","slug":"nos-competences","status":"publish","type":"page","link":"https:\/\/www.exante.fr\/Comptable\/nos-competences\/","title":{"rendered":"NOS COMPETENCES"},"content":{"rendered":"<div class=\"fusion-fullwidth fullwidth-box fusion-builder-row-1 fusion-flex-container nonhundred-percent-fullwidth non-hundred-percent-height-scrolling\" style=\"background-color: rgba(255,255,255,0);background-position: center center;background-repeat: no-repeat;border-width: 0px 0px 0px 0px;border-color:#eae9e9;border-style:solid;\" ><div class=\"fusion-builder-row fusion-row fusion-flex-align-items-flex-start\" style=\"max-width:1216.8px;margin-left: calc(-4% \/ 2 );margin-right: calc(-4% \/ 2 );\"><div class=\"fusion-layout-column fusion_builder_column fusion-builder-column-0 fusion_builder_column_1_1 1_1 fusion-flex-column\"><div class=\"fusion-column-wrapper fusion-flex-justify-content-flex-start fusion-content-layout-column\" style=\"background-position:left top;background-repeat:no-repeat;-webkit-background-size:cover;-moz-background-size:cover;-o-background-size:cover;background-size:cover;padding: 0px 0px 0px 0px;\"><style type=\"text\/css\">@media only screen and (max-width:1000px) {.fusion-title.fusion-title-1{margin-top:0px!important; margin-right:0px!important;margin-bottom:30px!important;margin-left:0px!important;}}@media only screen and (max-width:640px) {.fusion-title.fusion-title-1{margin-top:0px!important; margin-right:0px!important;margin-bottom:20px!important; margin-left:0px!important;}}<\/style><div class=\"fusion-title title fusion-title-1 fusion-sep-none fusion-title-text fusion-title-size-one\" style=\"margin-top:0px;margin-right:0px;margin-bottom:30px;margin-left:0px;\"><h1 class=\"title-heading-left fusion-responsive-typography-calculated\" style=\"margin:0;--fontSize:64;line-height:1.4;\"><h3>NOS MISSIONS D&rsquo;EXPERTISE COMPTABLE<\/h3><\/h1><\/div><div class=\"fusion-text fusion-text-1\"><p>Notre \u00e9quipe vous accompagne et contribue \u00e0 simplifier et s\u00e9curiser la gestion de votre activit\u00e9 et de votre information financi\u00e8re, et \u00e0 vous lib\u00e9rer des contraintes administratives et fiscales.<br \/>\nNotre approche, bas\u00e9e sur l\u2019\u00e9coute du dirigeant et la disponibilit\u00e9, repose sur la sp\u00e9cialisation technique, par secteur d\u2019activit\u00e9 et typologie d\u2019entreprise.<\/p>\n<p>Nous accompagnons votre entreprise dans nos domaines de comp\u00e9tence suivants \u00a0:<\/p>\n<\/div><ul class=\"fusion-checklist fusion-checklist-1\" style=\"font-size:14px;line-height:23.8px;\"><li class=\"fusion-li-item\"><span style=\"height:23.8px;width:23.8px;margin-right:9.8px;\" class=\"icon-wrapper circle-no\"><i class=\"fusion-li-icon fa-angle-right fas\" style=\"color:rgba(0,0,0,0.83);\" aria-hidden=\"true\"><\/i><\/span><div class=\"fusion-li-item-content\" style=\"margin-left:33.6px;\">\n<p>Organisation et tenue int\u00e9grale de votre comptabilit\u00e9.<\/p>\n<\/div><\/li><li class=\"fusion-li-item\"><span style=\"height:23.8px;width:23.8px;margin-right:9.8px;\" class=\"icon-wrapper circle-no\"><i class=\"fusion-li-icon fa-angle-right fas\" style=\"color:rgba(0,0,0,0.83);\" aria-hidden=\"true\"><\/i><\/span><div class=\"fusion-li-item-content\" style=\"margin-left:33.6px;\">Tenue partag\u00e9e de votre comptabilit\u00e9.<\/div><\/li><li class=\"fusion-li-item\"><span style=\"height:23.8px;width:23.8px;margin-right:9.8px;\" class=\"icon-wrapper circle-no\"><i class=\"fusion-li-icon fa-angle-right fas\" style=\"color:rgba(0,0,0,0.83);\" aria-hidden=\"true\"><\/i><\/span><div class=\"fusion-li-item-content\" style=\"margin-left:33.6px;\">Situations comptables p\u00e9riodiques.<\/div><\/li><li class=\"fusion-li-item\"><span style=\"height:23.8px;width:23.8px;margin-right:9.8px;\" class=\"icon-wrapper circle-no\"><i class=\"fusion-li-icon fa-angle-right fas\" style=\"color:rgba(0,0,0,0.83);\" aria-hidden=\"true\"><\/i><\/span><div class=\"fusion-li-item-content\" style=\"margin-left:33.6px;\">Comptes annuels.<\/div><\/li><li class=\"fusion-li-item\"><span style=\"height:23.8px;width:23.8px;margin-right:9.8px;\" class=\"icon-wrapper circle-no\"><i class=\"fusion-li-icon fa-angle-right fas\" style=\"color:rgba(0,0,0,0.83);\" aria-hidden=\"true\"><\/i><\/span><div class=\"fusion-li-item-content\" style=\"margin-left:33.6px;\">\n<p>D\u00e9clarations fiscales li\u00e9es \u00e0 la vie de l\u2019entreprise.<\/p>\n<\/div><\/li><li class=\"fusion-li-item\"><span style=\"height:23.8px;width:23.8px;margin-right:9.8px;\" class=\"icon-wrapper circle-no\"><i class=\"fusion-li-icon fa-angle-right fas\" style=\"color:rgba(0,0,0,0.83);\" aria-hidden=\"true\"><\/i><\/span><div class=\"fusion-li-item-content\" style=\"margin-left:33.6px;\">\n<p>D\u00e9clarations fiscales personnelles : IRPP, ISF \u2026<\/p>\n<\/div><\/li><\/ul><\/div><style type=\"text\/css\">.fusion-body .fusion-builder-column-0{width:100% !important;margin-top : 0px;margin-bottom : 20px;}.fusion-builder-column-0 > .fusion-column-wrapper {padding-top : 0px !important;padding-right : 0px !important;margin-right : 1.92%;padding-bottom : 0px !important;padding-left : 0px !important;margin-left : 1.92%;}@media only screen and (max-width:1000px) {.fusion-body .fusion-builder-column-0{width:100% !important;order : 0;}.fusion-builder-column-0 > .fusion-column-wrapper {margin-right : 1.92%;margin-left : 1.92%;}}@media only screen and (max-width:640px) {.fusion-body .fusion-builder-column-0{width:100% !important;order : 0;}.fusion-builder-column-0 > .fusion-column-wrapper {margin-right : 1.92%;margin-left : 1.92%;}}<\/style><\/div><\/div><style type=\"text\/css\">.fusion-body .fusion-flex-container.fusion-builder-row-1{ padding-top : 0px;margin-top : 0px;padding-right : 0px;padding-bottom : 0px;margin-bottom : 0px;padding-left : 0px;}<\/style><\/div>\n","protected":false},"excerpt":{"rendered":"","protected":false},"author":1,"featured_media":0,"parent":0,"menu_order":0,"comment_status":"closed","ping_status":"closed","template":"","meta":{"footnotes":""},"class_list":["post-1219","page","type-page","status-publish","hentry"],"yoast_head":"<!-- This site is optimized with the Yoast SEO plugin v25.2 - https:\/\/yoast.com\/wordpress\/plugins\/seo\/ -->\n<title>NOS COMPETENCES - EXANTE - Les Experts de l&#039;entreprise<\/title>\n<meta name=\"robots\" content=\"index, follow, max-snippet:-1, max-image-preview:large, max-video-preview:-1\" \/>\n<link rel=\"canonical\" href=\"https:\/\/www.exante.fr\/Comptable\/nos-competences\/\" \/>\n<meta property=\"og:locale\" content=\"fr_FR\" \/>\n<meta property=\"og:type\" content=\"article\" \/>\n<meta property=\"og:title\" content=\"NOS COMPETENCES - EXANTE - Les Experts de l&#039;entreprise\" \/>\n<meta property=\"og:url\" content=\"https:\/\/www.exante.fr\/Comptable\/nos-competences\/\" \/>\n<meta property=\"og:site_name\" content=\"EXANTE - Les Experts de l&#039;entreprise\" \/>\n<meta property=\"article:modified_time\" content=\"2021-09-08T13:17:44+00:00\" \/>\n<meta name=\"twitter:card\" content=\"summary_large_image\" \/>\n<meta name=\"twitter:label1\" content=\"Dur\u00e9e de lecture estim\u00e9e\" \/>\n\t<meta name=\"twitter:data1\" content=\"5 minutes\" \/>\n<script type=\"application\/ld+json\" class=\"yoast-schema-graph\">{\"@context\":\"https:\/\/schema.org\",\"@graph\":[{\"@type\":\"WebPage\",\"@id\":\"https:\/\/www.exante.fr\/Comptable\/nos-competences\/\",\"url\":\"https:\/\/www.exante.fr\/Comptable\/nos-competences\/\",\"name\":\"NOS COMPETENCES - EXANTE - Les Experts de l&#039;entreprise\",\"isPartOf\":{\"@id\":\"https:\/\/www.exante.fr\/Comptable\/#website\"},\"datePublished\":\"2021-09-08T09:35:35+00:00\",\"dateModified\":\"2021-09-08T13:17:44+00:00\",\"breadcrumb\":{\"@id\":\"https:\/\/www.exante.fr\/Comptable\/nos-competences\/#breadcrumb\"},\"inLanguage\":\"fr-FR\",\"potentialAction\":[{\"@type\":\"ReadAction\",\"target\":[\"https:\/\/www.exante.fr\/Comptable\/nos-competences\/\"]}]},{\"@type\":\"BreadcrumbList\",\"@id\":\"https:\/\/www.exante.fr\/Comptable\/nos-competences\/#breadcrumb\",\"itemListElement\":[{\"@type\":\"ListItem\",\"position\":1,\"name\":\"Accueil\",\"item\":\"https:\/\/www.exante.fr\/Comptable\/\"},{\"@type\":\"ListItem\",\"position\":2,\"name\":\"NOS COMPETENCES\"}]},{\"@type\":\"WebSite\",\"@id\":\"https:\/\/www.exante.fr\/Comptable\/#website\",\"url\":\"https:\/\/www.exante.fr\/Comptable\/\",\"name\":\"EXANTE - Les Experts de l&#039;entreprise\",\"description\":\"Cabinet d&#039;Expertise Comptable en R\u00e9gion Rh\u00f4ne-Alpes\",\"publisher\":{\"@id\":\"https:\/\/www.exante.fr\/Comptable\/#organization\"},\"potentialAction\":[{\"@type\":\"SearchAction\",\"target\":{\"@type\":\"EntryPoint\",\"urlTemplate\":\"https:\/\/www.exante.fr\/Comptable\/?s={search_term_string}\"},\"query-input\":{\"@type\":\"PropertyValueSpecification\",\"valueRequired\":true,\"valueName\":\"search_term_string\"}}],\"inLanguage\":\"fr-FR\"},{\"@type\":\"Organization\",\"@id\":\"https:\/\/www.exante.fr\/Comptable\/#organization\",\"name\":\"EXANTE - Les Experts de l&#039;entreprise\",\"url\":\"https:\/\/www.exante.fr\/Comptable\/\",\"logo\":{\"@type\":\"ImageObject\",\"inLanguage\":\"fr-FR\",\"@id\":\"https:\/\/www.exante.fr\/Comptable\/#\/schema\/logo\/image\/\",\"url\":\"https:\/\/www.exante.fr\/Comptable\/wp-content\/uploads\/2021\/09\/logo3.png\",\"contentUrl\":\"https:\/\/www.exante.fr\/Comptable\/wp-content\/uploads\/2021\/09\/logo3.png\",\"width\":137,\"height\":137,\"caption\":\"EXANTE - Les Experts de l&#039;entreprise\"},\"image\":{\"@id\":\"https:\/\/www.exante.fr\/Comptable\/#\/schema\/logo\/image\/\"}}]}<\/script>\n<!-- \/ Yoast SEO plugin. -->","yoast_head_json":{"title":"NOS COMPETENCES - EXANTE - Les Experts de l&#039;entreprise","robots":{"index":"index","follow":"follow","max-snippet":"max-snippet:-1","max-image-preview":"max-image-preview:large","max-video-preview":"max-video-preview:-1"},"canonical":"https:\/\/www.exante.fr\/Comptable\/nos-competences\/","og_locale":"fr_FR","og_type":"article","og_title":"NOS COMPETENCES - EXANTE - Les Experts de l&#039;entreprise","og_url":"https:\/\/www.exante.fr\/Comptable\/nos-competences\/","og_site_name":"EXANTE - Les Experts de l&#039;entreprise","article_modified_time":"2021-09-08T13:17:44+00:00","twitter_card":"summary_large_image","twitter_misc":{"Dur\u00e9e de lecture estim\u00e9e":"5 minutes"},"schema":{"@context":"https:\/\/schema.org","@graph":[{"@type":"WebPage","@id":"https:\/\/www.exante.fr\/Comptable\/nos-competences\/","url":"https:\/\/www.exante.fr\/Comptable\/nos-competences\/","name":"NOS COMPETENCES - EXANTE - Les Experts de l&#039;entreprise","isPartOf":{"@id":"https:\/\/www.exante.fr\/Comptable\/#website"},"datePublished":"2021-09-08T09:35:35+00:00","dateModified":"2021-09-08T13:17:44+00:00","breadcrumb":{"@id":"https:\/\/www.exante.fr\/Comptable\/nos-competences\/#breadcrumb"},"inLanguage":"fr-FR","potentialAction":[{"@type":"ReadAction","target":["https:\/\/www.exante.fr\/Comptable\/nos-competences\/"]}]},{"@type":"BreadcrumbList","@id":"https:\/\/www.exante.fr\/Comptable\/nos-competences\/#breadcrumb","itemListElement":[{"@type":"ListItem","position":1,"name":"Accueil","item":"https:\/\/www.exante.fr\/Comptable\/"},{"@type":"ListItem","position":2,"name":"NOS COMPETENCES"}]},{"@type":"WebSite","@id":"https:\/\/www.exante.fr\/Comptable\/#website","url":"https:\/\/www.exante.fr\/Comptable\/","name":"EXANTE - Les Experts de l&#039;entreprise","description":"Cabinet d&#039;Expertise Comptable en R\u00e9gion Rh\u00f4ne-Alpes","publisher":{"@id":"https:\/\/www.exante.fr\/Comptable\/#organization"},"potentialAction":[{"@type":"SearchAction","target":{"@type":"EntryPoint","urlTemplate":"https:\/\/www.exante.fr\/Comptable\/?s={search_term_string}"},"query-input":{"@type":"PropertyValueSpecification","valueRequired":true,"valueName":"search_term_string"}}],"inLanguage":"fr-FR"},{"@type":"Organization","@id":"https:\/\/www.exante.fr\/Comptable\/#organization","name":"EXANTE - Les Experts de l&#039;entreprise","url":"https:\/\/www.exante.fr\/Comptable\/","logo":{"@type":"ImageObject","inLanguage":"fr-FR","@id":"https:\/\/www.exante.fr\/Comptable\/#\/schema\/logo\/image\/","url":"https:\/\/www.exante.fr\/Comptable\/wp-content\/uploads\/2021\/09\/logo3.png","contentUrl":"https:\/\/www.exante.fr\/Comptable\/wp-content\/uploads\/2021\/09\/logo3.png","width":137,"height":137,"caption":"EXANTE - Les Experts de l&#039;entreprise"},"image":{"@id":"https:\/\/www.exante.fr\/Comptable\/#\/schema\/logo\/image\/"}}]}},"_links":{"self":[{"href":"https:\/\/www.exante.fr\/Comptable\/wp-json\/wp\/v2\/pages\/1219","targetHints":{"allow":["GET"]}}],"collection":[{"href":"https:\/\/www.exante.fr\/Comptable\/wp-json\/wp\/v2\/pages"}],"about":[{"href":"https:\/\/www.exante.fr\/Comptable\/wp-json\/wp\/v2\/types\/page"}],"author":[{"embeddable":true,"href":"https:\/\/www.exante.fr\/Comptable\/wp-json\/wp\/v2\/users\/1"}],"replies":[{"embeddable":true,"href":"https:\/\/www.exante.fr\/Comptable\/wp-json\/wp\/v2\/comments?post=1219"}],"version-history":[{"count":4,"href":"https:\/\/www.exante.fr\/Comptable\/wp-json\/wp\/v2\/pages\/1219\/revisions"}],"predecessor-version":[{"id":1297,"href":"https:\/\/www.exante.fr\/Comptable\/wp-json\/wp\/v2\/pages\/1219\/revisions\/1297"}],"wp:attachment":[{"href":"https:\/\/www.exante.fr\/Comptable\/wp-json\/wp\/v2\/media?parent=1219"}],"curies":[{"name":"wp","href":"https:\/\/api.w.org\/{rel}","templated":true}]}}