{"id":1236,"date":"2021-09-08T09:55:37","date_gmt":"2021-09-08T09:55:37","guid":{"rendered":"https:\/\/www.exante.fr\/Comptable\/?page_id=1236"},"modified":"2021-09-08T09:55:37","modified_gmt":"2021-09-08T09:55:37","slug":"developpement","status":"publish","type":"page","link":"https:\/\/www.exante.fr\/Comptable\/developpement\/","title":{"rendered":"DEVELOPPEMENT"},"content":{"rendered":"<div class=\"fusion-fullwidth fullwidth-box fusion-builder-row-1 fusion-flex-container nonhundred-percent-fullwidth non-hundred-percent-height-scrolling\" style=\"background-color: rgba(255,255,255,0);background-position: center center;background-repeat: no-repeat;border-width: 0px 0px 0px 0px;border-color:#eae9e9;border-style:solid;\" ><div class=\"fusion-builder-row fusion-row fusion-flex-align-items-flex-start\" style=\"max-width:1216.8px;margin-left: calc(-4% \/ 2 );margin-right: calc(-4% \/ 2 );\"><div class=\"fusion-layout-column fusion_builder_column fusion-builder-column-0 fusion_builder_column_1_1 1_1 fusion-flex-column\"><div class=\"fusion-column-wrapper fusion-flex-justify-content-flex-start fusion-content-layout-column\" style=\"background-position:left top;background-repeat:no-repeat;-webkit-background-size:cover;-moz-background-size:cover;-o-background-size:cover;background-size:cover;padding: 0px 0px 0px 0px;\"><style type=\"text\/css\">@media only screen and (max-width:1000px) {.fusion-title.fusion-title-1{margin-top:0px!important; margin-right:0px!important;margin-bottom:30px!important;margin-left:0px!important;}}@media only screen and (max-width:640px) {.fusion-title.fusion-title-1{margin-top:0px!important; margin-right:0px!important;margin-bottom:20px!important; margin-left:0px!important;}}<\/style><div class=\"fusion-title title fusion-title-1 fusion-sep-none fusion-title-text fusion-title-size-one\" style=\"margin-top:0px;margin-right:0px;margin-bottom:30px;margin-left:0px;\"><h1 class=\"title-heading-left fusion-responsive-typography-calculated\" style=\"margin:0;--fontSize:64;line-height:1.4;\"><h3>DEVELOPPEMENT<\/h3><\/h1><\/div><div class=\"fusion-text fusion-text-1\"><p>G\u00e9rer la croissance organique de votre entreprise ou une strat\u00e9gie d\u2019acquisitions, d\u00e9velopper l\u2019organisation interne ou favoriser l\u2019innovation\u2026, toutes les options sont possibles !<br \/>\nNous vous accompagnons dans la vision et la mise en place de votre projet et \u00e9laborons avec vous les business plans, tableaux de bord, suivi de tr\u00e9sorerie, et indicateurs n\u00e9cessaires au d\u00e9veloppement de votre entreprise.<\/p>\n<\/div><\/div><style type=\"text\/css\">.fusion-body .fusion-builder-column-0{width:100% !important;margin-top : 0px;margin-bottom : 20px;}.fusion-builder-column-0 > .fusion-column-wrapper {padding-top : 0px !important;padding-right : 0px !important;margin-right : 1.92%;padding-bottom : 0px !important;padding-left : 0px !important;margin-left : 1.92%;}@media only screen and (max-width:1000px) {.fusion-body .fusion-builder-column-0{width:100% !important;order : 0;}.fusion-builder-column-0 > .fusion-column-wrapper {margin-right : 1.92%;margin-left : 1.92%;}}@media only screen and (max-width:640px) {.fusion-body .fusion-builder-column-0{width:100% !important;order : 0;}.fusion-builder-column-0 > .fusion-column-wrapper {margin-right : 1.92%;margin-left : 1.92%;}}<\/style><\/div><\/div><style type=\"text\/css\">.fusion-body .fusion-flex-container.fusion-builder-row-1{ padding-top : 0px;margin-top : 0px;padding-right : 0px;padding-bottom : 0px;margin-bottom : 0px;padding-left : 0px;}<\/style><\/div>\n","protected":false},"excerpt":{"rendered":"","protected":false},"author":1,"featured_media":0,"parent":0,"menu_order":0,"comment_status":"closed","ping_status":"closed","template":"","meta":{"footnotes":""},"class_list":["post-1236","page","type-page","status-publish","hentry"],"yoast_head":"<!-- This site is optimized with the Yoast SEO plugin v25.2 - https:\/\/yoast.com\/wordpress\/plugins\/seo\/ -->\n<title>DEVELOPPEMENT - EXANTE - Les Experts de l&#039;entreprise<\/title>\n<meta name=\"robots\" content=\"index, follow, max-snippet:-1, max-image-preview:large, max-video-preview:-1\" \/>\n<link rel=\"canonical\" href=\"https:\/\/www.exante.fr\/Comptable\/developpement\/\" \/>\n<meta property=\"og:locale\" content=\"fr_FR\" \/>\n<meta property=\"og:type\" content=\"article\" \/>\n<meta property=\"og:title\" content=\"DEVELOPPEMENT - EXANTE - Les Experts de l&#039;entreprise\" \/>\n<meta property=\"og:url\" content=\"https:\/\/www.exante.fr\/Comptable\/developpement\/\" \/>\n<meta property=\"og:site_name\" content=\"EXANTE - Les Experts de l&#039;entreprise\" \/>\n<meta name=\"twitter:card\" content=\"summary_large_image\" \/>\n<meta name=\"twitter:label1\" content=\"Dur\u00e9e de lecture estim\u00e9e\" \/>\n\t<meta name=\"twitter:data1\" content=\"4 minutes\" \/>\n<script type=\"application\/ld+json\" class=\"yoast-schema-graph\">{\"@context\":\"https:\/\/schema.org\",\"@graph\":[{\"@type\":\"WebPage\",\"@id\":\"https:\/\/www.exante.fr\/Comptable\/developpement\/\",\"url\":\"https:\/\/www.exante.fr\/Comptable\/developpement\/\",\"name\":\"DEVELOPPEMENT - EXANTE - Les Experts de l&#039;entreprise\",\"isPartOf\":{\"@id\":\"https:\/\/www.exante.fr\/Comptable\/#website\"},\"datePublished\":\"2021-09-08T09:55:37+00:00\",\"breadcrumb\":{\"@id\":\"https:\/\/www.exante.fr\/Comptable\/developpement\/#breadcrumb\"},\"inLanguage\":\"fr-FR\",\"potentialAction\":[{\"@type\":\"ReadAction\",\"target\":[\"https:\/\/www.exante.fr\/Comptable\/developpement\/\"]}]},{\"@type\":\"BreadcrumbList\",\"@id\":\"https:\/\/www.exante.fr\/Comptable\/developpement\/#breadcrumb\",\"itemListElement\":[{\"@type\":\"ListItem\",\"position\":1,\"name\":\"Accueil\",\"item\":\"https:\/\/www.exante.fr\/Comptable\/\"},{\"@type\":\"ListItem\",\"position\":2,\"name\":\"DEVELOPPEMENT\"}]},{\"@type\":\"WebSite\",\"@id\":\"https:\/\/www.exante.fr\/Comptable\/#website\",\"url\":\"https:\/\/www.exante.fr\/Comptable\/\",\"name\":\"EXANTE - Les Experts de l&#039;entreprise\",\"description\":\"Cabinet d&#039;Expertise Comptable en R\u00e9gion Rh\u00f4ne-Alpes\",\"publisher\":{\"@id\":\"https:\/\/www.exante.fr\/Comptable\/#organization\"},\"potentialAction\":[{\"@type\":\"SearchAction\",\"target\":{\"@type\":\"EntryPoint\",\"urlTemplate\":\"https:\/\/www.exante.fr\/Comptable\/?s={search_term_string}\"},\"query-input\":{\"@type\":\"PropertyValueSpecification\",\"valueRequired\":true,\"valueName\":\"search_term_string\"}}],\"inLanguage\":\"fr-FR\"},{\"@type\":\"Organization\",\"@id\":\"https:\/\/www.exante.fr\/Comptable\/#organization\",\"name\":\"EXANTE - Les Experts de l&#039;entreprise\",\"url\":\"https:\/\/www.exante.fr\/Comptable\/\",\"logo\":{\"@type\":\"ImageObject\",\"inLanguage\":\"fr-FR\",\"@id\":\"https:\/\/www.exante.fr\/Comptable\/#\/schema\/logo\/image\/\",\"url\":\"https:\/\/www.exante.fr\/Comptable\/wp-content\/uploads\/2021\/09\/logo3.png\",\"contentUrl\":\"https:\/\/www.exante.fr\/Comptable\/wp-content\/uploads\/2021\/09\/logo3.png\",\"width\":137,\"height\":137,\"caption\":\"EXANTE - Les Experts de l&#039;entreprise\"},\"image\":{\"@id\":\"https:\/\/www.exante.fr\/Comptable\/#\/schema\/logo\/image\/\"}}]}<\/script>\n<!-- \/ Yoast SEO plugin. -->","yoast_head_json":{"title":"DEVELOPPEMENT - EXANTE - Les Experts de l&#039;entreprise","robots":{"index":"index","follow":"follow","max-snippet":"max-snippet:-1","max-image-preview":"max-image-preview:large","max-video-preview":"max-video-preview:-1"},"canonical":"https:\/\/www.exante.fr\/Comptable\/developpement\/","og_locale":"fr_FR","og_type":"article","og_title":"DEVELOPPEMENT - EXANTE - Les Experts de l&#039;entreprise","og_url":"https:\/\/www.exante.fr\/Comptable\/developpement\/","og_site_name":"EXANTE - Les Experts de l&#039;entreprise","twitter_card":"summary_large_image","twitter_misc":{"Dur\u00e9e de lecture estim\u00e9e":"4 minutes"},"schema":{"@context":"https:\/\/schema.org","@graph":[{"@type":"WebPage","@id":"https:\/\/www.exante.fr\/Comptable\/developpement\/","url":"https:\/\/www.exante.fr\/Comptable\/developpement\/","name":"DEVELOPPEMENT - EXANTE - Les Experts de l&#039;entreprise","isPartOf":{"@id":"https:\/\/www.exante.fr\/Comptable\/#website"},"datePublished":"2021-09-08T09:55:37+00:00","breadcrumb":{"@id":"https:\/\/www.exante.fr\/Comptable\/developpement\/#breadcrumb"},"inLanguage":"fr-FR","potentialAction":[{"@type":"ReadAction","target":["https:\/\/www.exante.fr\/Comptable\/developpement\/"]}]},{"@type":"BreadcrumbList","@id":"https:\/\/www.exante.fr\/Comptable\/developpement\/#breadcrumb","itemListElement":[{"@type":"ListItem","position":1,"name":"Accueil","item":"https:\/\/www.exante.fr\/Comptable\/"},{"@type":"ListItem","position":2,"name":"DEVELOPPEMENT"}]},{"@type":"WebSite","@id":"https:\/\/www.exante.fr\/Comptable\/#website","url":"https:\/\/www.exante.fr\/Comptable\/","name":"EXANTE - Les Experts de l&#039;entreprise","description":"Cabinet d&#039;Expertise Comptable en R\u00e9gion Rh\u00f4ne-Alpes","publisher":{"@id":"https:\/\/www.exante.fr\/Comptable\/#organization"},"potentialAction":[{"@type":"SearchAction","target":{"@type":"EntryPoint","urlTemplate":"https:\/\/www.exante.fr\/Comptable\/?s={search_term_string}"},"query-input":{"@type":"PropertyValueSpecification","valueRequired":true,"valueName":"search_term_string"}}],"inLanguage":"fr-FR"},{"@type":"Organization","@id":"https:\/\/www.exante.fr\/Comptable\/#organization","name":"EXANTE - Les Experts de l&#039;entreprise","url":"https:\/\/www.exante.fr\/Comptable\/","logo":{"@type":"ImageObject","inLanguage":"fr-FR","@id":"https:\/\/www.exante.fr\/Comptable\/#\/schema\/logo\/image\/","url":"https:\/\/www.exante.fr\/Comptable\/wp-content\/uploads\/2021\/09\/logo3.png","contentUrl":"https:\/\/www.exante.fr\/Comptable\/wp-content\/uploads\/2021\/09\/logo3.png","width":137,"height":137,"caption":"EXANTE - Les Experts de l&#039;entreprise"},"image":{"@id":"https:\/\/www.exante.fr\/Comptable\/#\/schema\/logo\/image\/"}}]}},"_links":{"self":[{"href":"https:\/\/www.exante.fr\/Comptable\/wp-json\/wp\/v2\/pages\/1236","targetHints":{"allow":["GET"]}}],"collection":[{"href":"https:\/\/www.exante.fr\/Comptable\/wp-json\/wp\/v2\/pages"}],"about":[{"href":"https:\/\/www.exante.fr\/Comptable\/wp-json\/wp\/v2\/types\/page"}],"author":[{"embeddable":true,"href":"https:\/\/www.exante.fr\/Comptable\/wp-json\/wp\/v2\/users\/1"}],"replies":[{"embeddable":true,"href":"https:\/\/www.exante.fr\/Comptable\/wp-json\/wp\/v2\/comments?post=1236"}],"version-history":[{"count":1,"href":"https:\/\/www.exante.fr\/Comptable\/wp-json\/wp\/v2\/pages\/1236\/revisions"}],"predecessor-version":[{"id":1237,"href":"https:\/\/www.exante.fr\/Comptable\/wp-json\/wp\/v2\/pages\/1236\/revisions\/1237"}],"wp:attachment":[{"href":"https:\/\/www.exante.fr\/Comptable\/wp-json\/wp\/v2\/media?parent=1236"}],"curies":[{"name":"wp","href":"https:\/\/api.w.org\/{rel}","templated":true}]}}