{"id":1271,"date":"2021-09-08T12:31:19","date_gmt":"2021-09-08T12:31:19","guid":{"rendered":"https:\/\/www.exante.fr\/Comptable\/?page_id=1271"},"modified":"2021-09-08T12:31:19","modified_gmt":"2021-09-08T12:31:19","slug":"mentions-legales","status":"publish","type":"page","link":"https:\/\/www.exante.fr\/Comptable\/mentions-legales\/","title":{"rendered":"Mentions L\u00e9gales"},"content":{"rendered":"<p>Le pr\u00e9sent site EXANTE est la propri\u00e9t\u00e9 de la soci\u00e9t\u00e9 EXANTE.<br \/>\nLe contenu \u00e9ditorial, textes, images anim\u00e9es ou non composant ce site Web, sont la propri\u00e9t\u00e9 de la soci\u00e9t\u00e9. Toute reproduction totale ou partielle de ce site est interdite sans autorisation expresse et pr\u00e9alable de la soci\u00e9t\u00e9. Cette repr\u00e9sentation ou reproduction, par quelque proc\u00e9d\u00e9 que ce soit, constitue une contrefa\u00e7on sanctionn\u00e9e par les articles L.3335-2 et suivants du Code de la propri\u00e9t\u00e9 intellectuelle.<\/p>\n<p>Les informations de ce site sont non contractuelles et peuvent contenir des inexactitudes techniques ou des erreurs typographiques. Ces informations peuvent \u00eatre p\u00e9riodiquement modifi\u00e9es et les modifications seront incorpor\u00e9es dans les nouvelles \u00e9ditions. EXANTE peut, \u00e0 tout moment, sans pr\u00e9avis, apporter des am\u00e9liorations ou des changements aux produits, aux programmes ou aux services d\u00e9crits sur ce site.<br \/>\nTous les noms de produits ou de soci\u00e9t\u00e9s mentionn\u00e9s dans le pr\u00e9sent site sont les marques de leurs titulaires respectifs.<br \/>\nEnfin, les liens hypertextes mis en place dans le cadre du pr\u00e9sent site web en direction d&rsquo;autres ressources pr\u00e9sentes sur le r\u00e9seau Internet ne sauraient engager la responsabilit\u00e9 d&rsquo;EXANTE ni du designer du site, \u00e0 savoir la soci\u00e9t\u00e9 <a href=\"http:\/\/www.artemuscreation.com\" target=\"_blank\" rel=\"noopener\">ARTEMUS CREATION<\/a>.<\/p>\n<p>Le site www.exante.fr est h\u00e9berg\u00e9 par :<br \/>\nOVH<br \/>\nSAS au capital de 10 059 500 \u20ac<br \/>\nRCS Lille M\u00e9tropole 424 761 419 00045<br \/>\nCode APE 6202A<br \/>\nN\u00b0 TVA : FR 22 424 761 419<br \/>\nSi\u00e8ge social : 2 rue Kellermann &#8211; 59100 Roubaix &#8211; France.<br \/>\nDirecteur de la publication : Octave KLABA<\/p>\n","protected":false},"excerpt":{"rendered":"<p>Le pr\u00e9sent site EXANTE est la propri\u00e9t\u00e9 de la soci\u00e9t\u00e9 EXANTE. Le contenu \u00e9ditorial, textes, images anim\u00e9es ou non composant ce site Web, sont la propri\u00e9t\u00e9 de la soci\u00e9t\u00e9. Toute reproduction totale ou partielle de ce site est interdite sans autorisation expresse et pr\u00e9alable de la soci\u00e9t\u00e9. Cette repr\u00e9sentation ou reproduction, par quelque proc\u00e9d\u00e9 que [&hellip;]<\/p>\n","protected":false},"author":1,"featured_media":0,"parent":0,"menu_order":0,"comment_status":"closed","ping_status":"closed","template":"","meta":{"footnotes":""},"class_list":["post-1271","page","type-page","status-publish","hentry"],"yoast_head":"<!-- This site is optimized with the Yoast SEO plugin v25.2 - https:\/\/yoast.com\/wordpress\/plugins\/seo\/ -->\n<title>Mentions L\u00e9gales - EXANTE - Les Experts de l&#039;entreprise<\/title>\n<meta name=\"robots\" content=\"index, follow, max-snippet:-1, max-image-preview:large, max-video-preview:-1\" \/>\n<link rel=\"canonical\" href=\"https:\/\/www.exante.fr\/Comptable\/mentions-legales\/\" \/>\n<meta property=\"og:locale\" content=\"fr_FR\" \/>\n<meta property=\"og:type\" content=\"article\" \/>\n<meta property=\"og:title\" content=\"Mentions L\u00e9gales - EXANTE - Les Experts de l&#039;entreprise\" \/>\n<meta property=\"og:description\" content=\"Le pr\u00e9sent site EXANTE est la propri\u00e9t\u00e9 de la soci\u00e9t\u00e9 EXANTE. Le contenu \u00e9ditorial, textes, images anim\u00e9es ou non composant ce site Web, sont la propri\u00e9t\u00e9 de la soci\u00e9t\u00e9. Toute reproduction totale ou partielle de ce site est interdite sans autorisation expresse et pr\u00e9alable de la soci\u00e9t\u00e9. Cette repr\u00e9sentation ou reproduction, par quelque proc\u00e9d\u00e9 que [&hellip;]\" \/>\n<meta property=\"og:url\" content=\"https:\/\/www.exante.fr\/Comptable\/mentions-legales\/\" \/>\n<meta property=\"og:site_name\" content=\"EXANTE - Les Experts de l&#039;entreprise\" \/>\n<meta name=\"twitter:card\" content=\"summary_large_image\" \/>\n<meta name=\"twitter:label1\" content=\"Dur\u00e9e de lecture estim\u00e9e\" \/>\n\t<meta name=\"twitter:data1\" content=\"1 minute\" \/>\n<script type=\"application\/ld+json\" class=\"yoast-schema-graph\">{\"@context\":\"https:\/\/schema.org\",\"@graph\":[{\"@type\":\"WebPage\",\"@id\":\"https:\/\/www.exante.fr\/Comptable\/mentions-legales\/\",\"url\":\"https:\/\/www.exante.fr\/Comptable\/mentions-legales\/\",\"name\":\"Mentions L\u00e9gales - EXANTE - Les Experts de l&#039;entreprise\",\"isPartOf\":{\"@id\":\"https:\/\/www.exante.fr\/Comptable\/#website\"},\"datePublished\":\"2021-09-08T12:31:19+00:00\",\"breadcrumb\":{\"@id\":\"https:\/\/www.exante.fr\/Comptable\/mentions-legales\/#breadcrumb\"},\"inLanguage\":\"fr-FR\",\"potentialAction\":[{\"@type\":\"ReadAction\",\"target\":[\"https:\/\/www.exante.fr\/Comptable\/mentions-legales\/\"]}]},{\"@type\":\"BreadcrumbList\",\"@id\":\"https:\/\/www.exante.fr\/Comptable\/mentions-legales\/#breadcrumb\",\"itemListElement\":[{\"@type\":\"ListItem\",\"position\":1,\"name\":\"Accueil\",\"item\":\"https:\/\/www.exante.fr\/Comptable\/\"},{\"@type\":\"ListItem\",\"position\":2,\"name\":\"Mentions L\u00e9gales\"}]},{\"@type\":\"WebSite\",\"@id\":\"https:\/\/www.exante.fr\/Comptable\/#website\",\"url\":\"https:\/\/www.exante.fr\/Comptable\/\",\"name\":\"EXANTE - Les Experts de l&#039;entreprise\",\"description\":\"Cabinet d&#039;Expertise Comptable en R\u00e9gion Rh\u00f4ne-Alpes\",\"publisher\":{\"@id\":\"https:\/\/www.exante.fr\/Comptable\/#organization\"},\"potentialAction\":[{\"@type\":\"SearchAction\",\"target\":{\"@type\":\"EntryPoint\",\"urlTemplate\":\"https:\/\/www.exante.fr\/Comptable\/?s={search_term_string}\"},\"query-input\":{\"@type\":\"PropertyValueSpecification\",\"valueRequired\":true,\"valueName\":\"search_term_string\"}}],\"inLanguage\":\"fr-FR\"},{\"@type\":\"Organization\",\"@id\":\"https:\/\/www.exante.fr\/Comptable\/#organization\",\"name\":\"EXANTE - Les Experts de l&#039;entreprise\",\"url\":\"https:\/\/www.exante.fr\/Comptable\/\",\"logo\":{\"@type\":\"ImageObject\",\"inLanguage\":\"fr-FR\",\"@id\":\"https:\/\/www.exante.fr\/Comptable\/#\/schema\/logo\/image\/\",\"url\":\"https:\/\/www.exante.fr\/Comptable\/wp-content\/uploads\/2021\/09\/logo3.png\",\"contentUrl\":\"https:\/\/www.exante.fr\/Comptable\/wp-content\/uploads\/2021\/09\/logo3.png\",\"width\":137,\"height\":137,\"caption\":\"EXANTE - Les Experts de l&#039;entreprise\"},\"image\":{\"@id\":\"https:\/\/www.exante.fr\/Comptable\/#\/schema\/logo\/image\/\"}}]}<\/script>\n<!-- \/ Yoast SEO plugin. -->","yoast_head_json":{"title":"Mentions L\u00e9gales - EXANTE - Les Experts de l&#039;entreprise","robots":{"index":"index","follow":"follow","max-snippet":"max-snippet:-1","max-image-preview":"max-image-preview:large","max-video-preview":"max-video-preview:-1"},"canonical":"https:\/\/www.exante.fr\/Comptable\/mentions-legales\/","og_locale":"fr_FR","og_type":"article","og_title":"Mentions L\u00e9gales - EXANTE - Les Experts de l&#039;entreprise","og_description":"Le pr\u00e9sent site EXANTE est la propri\u00e9t\u00e9 de la soci\u00e9t\u00e9 EXANTE. Le contenu \u00e9ditorial, textes, images anim\u00e9es ou non composant ce site Web, sont la propri\u00e9t\u00e9 de la soci\u00e9t\u00e9. Toute reproduction totale ou partielle de ce site est interdite sans autorisation expresse et pr\u00e9alable de la soci\u00e9t\u00e9. Cette repr\u00e9sentation ou reproduction, par quelque proc\u00e9d\u00e9 que [&hellip;]","og_url":"https:\/\/www.exante.fr\/Comptable\/mentions-legales\/","og_site_name":"EXANTE - Les Experts de l&#039;entreprise","twitter_card":"summary_large_image","twitter_misc":{"Dur\u00e9e de lecture estim\u00e9e":"1 minute"},"schema":{"@context":"https:\/\/schema.org","@graph":[{"@type":"WebPage","@id":"https:\/\/www.exante.fr\/Comptable\/mentions-legales\/","url":"https:\/\/www.exante.fr\/Comptable\/mentions-legales\/","name":"Mentions L\u00e9gales - EXANTE - Les Experts de l&#039;entreprise","isPartOf":{"@id":"https:\/\/www.exante.fr\/Comptable\/#website"},"datePublished":"2021-09-08T12:31:19+00:00","breadcrumb":{"@id":"https:\/\/www.exante.fr\/Comptable\/mentions-legales\/#breadcrumb"},"inLanguage":"fr-FR","potentialAction":[{"@type":"ReadAction","target":["https:\/\/www.exante.fr\/Comptable\/mentions-legales\/"]}]},{"@type":"BreadcrumbList","@id":"https:\/\/www.exante.fr\/Comptable\/mentions-legales\/#breadcrumb","itemListElement":[{"@type":"ListItem","position":1,"name":"Accueil","item":"https:\/\/www.exante.fr\/Comptable\/"},{"@type":"ListItem","position":2,"name":"Mentions L\u00e9gales"}]},{"@type":"WebSite","@id":"https:\/\/www.exante.fr\/Comptable\/#website","url":"https:\/\/www.exante.fr\/Comptable\/","name":"EXANTE - Les Experts de l&#039;entreprise","description":"Cabinet d&#039;Expertise Comptable en R\u00e9gion Rh\u00f4ne-Alpes","publisher":{"@id":"https:\/\/www.exante.fr\/Comptable\/#organization"},"potentialAction":[{"@type":"SearchAction","target":{"@type":"EntryPoint","urlTemplate":"https:\/\/www.exante.fr\/Comptable\/?s={search_term_string}"},"query-input":{"@type":"PropertyValueSpecification","valueRequired":true,"valueName":"search_term_string"}}],"inLanguage":"fr-FR"},{"@type":"Organization","@id":"https:\/\/www.exante.fr\/Comptable\/#organization","name":"EXANTE - Les Experts de l&#039;entreprise","url":"https:\/\/www.exante.fr\/Comptable\/","logo":{"@type":"ImageObject","inLanguage":"fr-FR","@id":"https:\/\/www.exante.fr\/Comptable\/#\/schema\/logo\/image\/","url":"https:\/\/www.exante.fr\/Comptable\/wp-content\/uploads\/2021\/09\/logo3.png","contentUrl":"https:\/\/www.exante.fr\/Comptable\/wp-content\/uploads\/2021\/09\/logo3.png","width":137,"height":137,"caption":"EXANTE - Les Experts de l&#039;entreprise"},"image":{"@id":"https:\/\/www.exante.fr\/Comptable\/#\/schema\/logo\/image\/"}}]}},"_links":{"self":[{"href":"https:\/\/www.exante.fr\/Comptable\/wp-json\/wp\/v2\/pages\/1271","targetHints":{"allow":["GET"]}}],"collection":[{"href":"https:\/\/www.exante.fr\/Comptable\/wp-json\/wp\/v2\/pages"}],"about":[{"href":"https:\/\/www.exante.fr\/Comptable\/wp-json\/wp\/v2\/types\/page"}],"author":[{"embeddable":true,"href":"https:\/\/www.exante.fr\/Comptable\/wp-json\/wp\/v2\/users\/1"}],"replies":[{"embeddable":true,"href":"https:\/\/www.exante.fr\/Comptable\/wp-json\/wp\/v2\/comments?post=1271"}],"version-history":[{"count":1,"href":"https:\/\/www.exante.fr\/Comptable\/wp-json\/wp\/v2\/pages\/1271\/revisions"}],"predecessor-version":[{"id":1272,"href":"https:\/\/www.exante.fr\/Comptable\/wp-json\/wp\/v2\/pages\/1271\/revisions\/1272"}],"wp:attachment":[{"href":"https:\/\/www.exante.fr\/Comptable\/wp-json\/wp\/v2\/media?parent=1271"}],"curies":[{"name":"wp","href":"https:\/\/api.w.org\/{rel}","templated":true}]}}